{"id":2807,"date":"2025-03-18T10:53:19","date_gmt":"2025-03-18T09:53:19","guid":{"rendered":"https:\/\/harmony-couleurs.com\/?page_id=2807"},"modified":"2026-04-29T18:11:12","modified_gmt":"2026-04-29T16:11:12","slug":"ateliers-creatifs","status":"publish","type":"page","link":"https:\/\/harmony-couleurs.com\/index.php\/ateliers-creatifs\/","title":{"rendered":"Les Ateliers cr\u00e9atifs"},"content":{"rendered":"\n<p><strong>Ateliers cr\u00e9atifs : explorez, cr\u00e9ez, exprimez-vous<\/strong><br>Graphiste, illustratrice et peintre, je navigue entre plusieurs formes d\u2019expression visuelle. Je d\u00e9veloppe depuis plus de 10 ans une pratique personnelle de la peinture, nourrie par 4 ann\u00e9es de cours aux Beaux-Arts \u00e0 Quimper et N\u00eemes. J\u2019ai cr\u00e9\u00e9 des <a href=\"https:\/\/harmony-couleurs.com\/index.php\/affiches-bretagne\/\">affiches illustr\u00e9es<\/a>, des projets artistiques personnels, et accompagn\u00e9 des marques dans la mise en image de leurs id\u00e9es. Aujourd\u2019hui, j\u2019ai envie de transmettre cette passion en proposant des ateliers accessibles \u00e0 toutes et tous, pour \u00e9veiller la cr\u00e9ativit\u00e9 et reconnecter avec son imaginaire.<\/p>\n\n\n\n<p>Je m\u2019int\u00e9resse particuli\u00e8rement \u00e0 la couleur, \u00e0 la composition et \u00e0 la mani\u00e8re de simplifier les formes pour cr\u00e9er des images qui apportent une \u00e9motion positive.<\/p>\n\n\n\n<p>\u00c0 travers mes ateliers, je propose des espaces pour explorer, exp\u00e9rimenter et d\u00e9velopper sa cr\u00e9ativit\u00e9, sans pression de r\u00e9sultat. Mon objectif est de transmettre des outils concrets tout en laissant une place importante \u00e0 l\u2019expression personnelle.<\/p>\n\n\n\n<p>Vous souhaitez lib\u00e9rer votre cr\u00e9ativit\u00e9, apprendre une nouvelle technique ou offrir une exp\u00e9rience originale ? Je vous propose des ateliers cr\u00e9atifs sur mesure, adapt\u00e9s \u00e0 tous les niveaux et \u00e0 tous les \u00e2ges.\u200b<\/p>\n\n\n\n<h2 class=\"wp-block-heading\"><strong>Les ateliers :<\/strong><\/h2>\n\n\n\n<p>Chaque atelier est con\u00e7u pour vous offrir un moment de d\u00e9tente, d&rsquo;expression et de d\u00e9couverte.\u200b<\/p>\n\n\n<div class=\"wp-block-image\">\n<figure class=\"aligncenter size-large is-resized\"><img data-recalc-dims=\"1\" loading=\"lazy\" decoding=\"async\" width=\"880\" height=\"482\" src=\"https:\/\/i0.wp.com\/harmony-couleurs.com\/wp-content\/uploads\/2026\/04\/ateliers_collage_1.jpg?resize=880%2C482&#038;ssl=1\" alt=\"\" class=\"wp-image-3295\" style=\"aspect-ratio:1.825284328730493;width:680px;height:auto\" srcset=\"https:\/\/i0.wp.com\/harmony-couleurs.com\/wp-content\/uploads\/2026\/04\/ateliers_collage_1.jpg?resize=1024%2C561&amp;ssl=1 1024w, https:\/\/i0.wp.com\/harmony-couleurs.com\/wp-content\/uploads\/2026\/04\/ateliers_collage_1.jpg?resize=300%2C164&amp;ssl=1 300w, https:\/\/i0.wp.com\/harmony-couleurs.com\/wp-content\/uploads\/2026\/04\/ateliers_collage_1.jpg?resize=768%2C421&amp;ssl=1 768w, https:\/\/i0.wp.com\/harmony-couleurs.com\/wp-content\/uploads\/2026\/04\/ateliers_collage_1.jpg?resize=1536%2C842&amp;ssl=1 1536w, https:\/\/i0.wp.com\/harmony-couleurs.com\/wp-content\/uploads\/2026\/04\/ateliers_collage_1.jpg?resize=500%2C274&amp;ssl=1 500w, https:\/\/i0.wp.com\/harmony-couleurs.com\/wp-content\/uploads\/2026\/04\/ateliers_collage_1.jpg?resize=800%2C438&amp;ssl=1 800w, https:\/\/i0.wp.com\/harmony-couleurs.com\/wp-content\/uploads\/2026\/04\/ateliers_collage_1.jpg?resize=1280%2C701&amp;ssl=1 1280w, https:\/\/i0.wp.com\/harmony-couleurs.com\/wp-content\/uploads\/2026\/04\/ateliers_collage_1.jpg?w=1772&amp;ssl=1 1772w\" sizes=\"auto, (max-width: 880px) 100vw, 880px\" \/><\/figure>\n<\/div>\n\n\n<ul class=\"wp-block-list\">\n<li><strong>Ateliers collage, peinture, dessin :<\/strong> r\u00e9aliser une composition avec des images issues de magazines, journaux&#8230; r\u00e9aliser des fonds de couleur, cr\u00e9er des motifs puis d\u00e9couper, coller&#8230; un bon moment pour s&rsquo;\u00e9vader et d\u00e9velopper son imaginaire !<\/li>\n\n\n\n<li><strong>Ateliers peinture :<\/strong> initiation \u00e0 la couleur et composition \u00e0 partir d\u2019images et d\u2019exercices guid\u00e9s, nous apprendrons \u00e0 simplifier les formes, travailler les couleurs et construire une composition sans passer par le dessin acad\u00e9mique. Aucun niveau en dessin n&rsquo;est n\u00e9cessaire. (bient\u00f4t)<\/li>\n<\/ul>\n\n\n\n<p>Atelier destin\u00e9 aux d\u00e9butants pour d\u00e9couvrir des techniques simples et apprendre \u00e0 cr\u00e9er une composition harmonieuse en travaillant les couleurs.<\/p>\n\n\n\n<h2 class=\"wp-block-heading\">Atelier collage, peinture, dessin<\/h2>\n\n\n<div class=\"wp-block-image\">\n<figure class=\"aligncenter size-large is-resized\"><img data-recalc-dims=\"1\" loading=\"lazy\" decoding=\"async\" width=\"880\" height=\"523\" src=\"https:\/\/i0.wp.com\/harmony-couleurs.com\/wp-content\/uploads\/2026\/04\/ateliers_collage_2.jpg?resize=880%2C523&#038;ssl=1\" alt=\"\" class=\"wp-image-3298\" style=\"aspect-ratio:1.6814216570130354;width:685px;height:auto\" srcset=\"https:\/\/i0.wp.com\/harmony-couleurs.com\/wp-content\/uploads\/2026\/04\/ateliers_collage_2.jpg?resize=1024%2C609&amp;ssl=1 1024w, https:\/\/i0.wp.com\/harmony-couleurs.com\/wp-content\/uploads\/2026\/04\/ateliers_collage_2.jpg?resize=300%2C178&amp;ssl=1 300w, https:\/\/i0.wp.com\/harmony-couleurs.com\/wp-content\/uploads\/2026\/04\/ateliers_collage_2.jpg?resize=768%2C456&amp;ssl=1 768w, https:\/\/i0.wp.com\/harmony-couleurs.com\/wp-content\/uploads\/2026\/04\/ateliers_collage_2.jpg?resize=1536%2C913&amp;ssl=1 1536w, https:\/\/i0.wp.com\/harmony-couleurs.com\/wp-content\/uploads\/2026\/04\/ateliers_collage_2.jpg?resize=500%2C297&amp;ssl=1 500w, https:\/\/i0.wp.com\/harmony-couleurs.com\/wp-content\/uploads\/2026\/04\/ateliers_collage_2.jpg?resize=800%2C475&amp;ssl=1 800w, https:\/\/i0.wp.com\/harmony-couleurs.com\/wp-content\/uploads\/2026\/04\/ateliers_collage_2.jpg?resize=1280%2C761&amp;ssl=1 1280w, https:\/\/i0.wp.com\/harmony-couleurs.com\/wp-content\/uploads\/2026\/04\/ateliers_collage_2.jpg?w=1634&amp;ssl=1 1634w\" sizes=\"auto, (max-width: 880px) 100vw, 880px\" \/><\/figure>\n<\/div>\n\n\n<p>Un temps pour explorer diff\u00e9rentes techniques (collage, peinture, dessin) \u00e0 travers des exercices simples et accessibles.<\/p>\n\n\n\n<div id=\"wp-block-themeisle-blocks-icon-list-5a430326\" class=\"wp-block-themeisle-blocks-icon-list\">\n<div id=\"wp-block-themeisle-blocks-icon-list-item-29851d5e\" class=\"wp-block-themeisle-blocks-icon-list-item\"><i class=\"fas fa-check wp-block-themeisle-blocks-icon-list-item-icon\"><\/i><p class=\"wp-block-themeisle-blocks-icon-list-item-content\">Prendre un temps pour soi et se laisser guider par les outils<\/p><\/div>\n\n\n\n<div id=\"wp-block-themeisle-blocks-icon-list-item-33837d5c\" class=\"wp-block-themeisle-blocks-icon-list-item\"><i class=\"fas fa-check wp-block-themeisle-blocks-icon-list-item-icon\"><\/i><p class=\"wp-block-themeisle-blocks-icon-list-item-content\">Production artistique \u00e0 la fin de la s\u00e9ance <\/p><\/div>\n\n\n\n<div id=\"wp-block-themeisle-blocks-icon-list-item-a8ba1ad0\" class=\"wp-block-themeisle-blocks-icon-list-item\"><i class=\"fas fa-check wp-block-themeisle-blocks-icon-list-item-icon\"><\/i><p class=\"wp-block-themeisle-blocks-icon-list-item-content\">Public : adulte<\/p><\/div>\n\n\n\n<div id=\"wp-block-themeisle-blocks-icon-list-item-57b2c4be\" class=\"wp-block-themeisle-blocks-icon-list-item\"><i class=\"fas fa-check wp-block-themeisle-blocks-icon-list-item-icon\"><\/i><p class=\"wp-block-themeisle-blocks-icon-list-item-content\">Les outils propos\u00e9s : peinture (acrylique), collage, crayons de couleurs, supports (papiers, cartons\u2026).<\/p><\/div>\n\n\n\n<div id=\"wp-block-themeisle-blocks-icon-list-item-0ab1424d\" class=\"wp-block-themeisle-blocks-icon-list-item\"><i class=\"fas fa-check wp-block-themeisle-blocks-icon-list-item-icon\"><\/i><p class=\"wp-block-themeisle-blocks-icon-list-item-content\">Lieu : Ploz\u00e9vet<\/p><\/div>\n\n\n\n<div id=\"wp-block-themeisle-blocks-icon-list-item-253113f2\" class=\"wp-block-themeisle-blocks-icon-list-item\"><i class=\"fas fa-check wp-block-themeisle-blocks-icon-list-item-icon\"><\/i><p class=\"wp-block-themeisle-blocks-icon-list-item-content\">Tarif : 30\u20ac &#8211; Dur\u00e9e : 2h<\/p><\/div>\n<\/div>\n\n\n<div class=\"wp-block-image\">\n<figure class=\"aligncenter size-large is-resized\"><img data-recalc-dims=\"1\" loading=\"lazy\" decoding=\"async\" width=\"880\" height=\"441\" src=\"https:\/\/i0.wp.com\/harmony-couleurs.com\/wp-content\/uploads\/2026\/04\/ateliers_collage_3.jpg?resize=880%2C441&#038;ssl=1\" alt=\"\" class=\"wp-image-3300\" style=\"aspect-ratio:1.9960683410078373;width:687px;height:auto\" srcset=\"https:\/\/i0.wp.com\/harmony-couleurs.com\/wp-content\/uploads\/2026\/04\/ateliers_collage_3.jpg?resize=1024%2C513&amp;ssl=1 1024w, https:\/\/i0.wp.com\/harmony-couleurs.com\/wp-content\/uploads\/2026\/04\/ateliers_collage_3.jpg?resize=300%2C150&amp;ssl=1 300w, https:\/\/i0.wp.com\/harmony-couleurs.com\/wp-content\/uploads\/2026\/04\/ateliers_collage_3.jpg?resize=768%2C385&amp;ssl=1 768w, https:\/\/i0.wp.com\/harmony-couleurs.com\/wp-content\/uploads\/2026\/04\/ateliers_collage_3.jpg?resize=1536%2C770&amp;ssl=1 1536w, https:\/\/i0.wp.com\/harmony-couleurs.com\/wp-content\/uploads\/2026\/04\/ateliers_collage_3.jpg?resize=500%2C251&amp;ssl=1 500w, https:\/\/i0.wp.com\/harmony-couleurs.com\/wp-content\/uploads\/2026\/04\/ateliers_collage_3.jpg?resize=800%2C401&amp;ssl=1 800w, https:\/\/i0.wp.com\/harmony-couleurs.com\/wp-content\/uploads\/2026\/04\/ateliers_collage_3.jpg?resize=1280%2C642&amp;ssl=1 1280w, https:\/\/i0.wp.com\/harmony-couleurs.com\/wp-content\/uploads\/2026\/04\/ateliers_collage_3.jpg?w=1634&amp;ssl=1 1634w\" sizes=\"auto, (max-width: 880px) 100vw, 880px\" \/><\/figure>\n<\/div>\n\n\n<h3 class=\"wp-block-heading\">Planning du mois de mai 2026<\/h3>\n\n\n\n<p>Je propose pour le mois de mai, une fois par semaine le mercredi \u00e0 10h. Les ateliers se d\u00e9roulent en petit groupe 4 \u00e0 6 personnes maximum \u00e0 Ploz\u00e9vet. <\/p>\n\n\n<div class=\"wpforms-container wpforms-block wpforms-block-44ab29b6-128c-4765-a532-32befe4b5ec4\" id=\"wpforms-2421\"><form id=\"wpforms-form-2421\" class=\"wpforms-validate wpforms-form wpforms-ajax-form\" data-formid=\"2421\" method=\"post\" enctype=\"multipart\/form-data\" action=\"\/index.php\/wp-json\/wp\/v2\/pages\/2807\" data-token=\"04c1ed2cafc29cac31f11a9a83b391a1\" data-token-time=\"1777643030\"><noscript class=\"wpforms-error-noscript\">Veuillez activer JavaScript dans votre navigateur pour remplir ce formulaire.<\/noscript><div class=\"wpforms-field-container\"><div id=\"wpforms-2421-field_2-container\" class=\"wpforms-field wpforms-field-radio\" data-field-id=\"2\"><label class=\"wpforms-field-label\">R\u00e9server un cr\u00e9neau <\/label><ul id=\"wpforms-2421-field_2\"><li class=\"choice-1 depth-1\"><input type=\"radio\" id=\"wpforms-2421-field_2_1\" name=\"wpforms[fields][2]\" value=\"Mercredi 6 mai de 10h \u00e0 12h\"  ><label class=\"wpforms-field-label-inline\" for=\"wpforms-2421-field_2_1\">Mercredi 6 mai de 10h \u00e0 12h<\/label><\/li><li class=\"choice-2 depth-1\"><input type=\"radio\" id=\"wpforms-2421-field_2_2\" name=\"wpforms[fields][2]\" value=\"Mercredi 13 mai de 10h \u00e0 12h\"  ><label class=\"wpforms-field-label-inline\" for=\"wpforms-2421-field_2_2\">Mercredi 13 mai de 10h \u00e0 12h<\/label><\/li><li class=\"choice-3 depth-1\"><input type=\"radio\" id=\"wpforms-2421-field_2_3\" name=\"wpforms[fields][2]\" value=\"Mercredi 20 mai de 10h \u00e0 12h\"  ><label class=\"wpforms-field-label-inline\" for=\"wpforms-2421-field_2_3\">Mercredi 20 mai de 10h \u00e0 12h<\/label><\/li><li class=\"choice-4 depth-1\"><input type=\"radio\" id=\"wpforms-2421-field_2_4\" name=\"wpforms[fields][2]\" value=\"Mercredi 27 mai de 10h \u00e0 12h\"  ><label class=\"wpforms-field-label-inline\" for=\"wpforms-2421-field_2_4\">Mercredi 27 mai de 10h \u00e0 12h<\/label><\/li><\/ul><\/div><div id=\"wpforms-2421-field_3-container\" class=\"wpforms-field wpforms-field-name\" data-field-id=\"3\"><label class=\"wpforms-field-label\">Nom <span class=\"wpforms-required-label\">*<\/span><\/label><div class=\"wpforms-field-row wpforms-field-medium\"><div class=\"wpforms-field-row-block wpforms-first wpforms-one-half\"><input type=\"text\" id=\"wpforms-2421-field_3\" class=\"wpforms-field-name-first wpforms-field-required\" name=\"wpforms[fields][3][first]\" required><label for=\"wpforms-2421-field_3\" class=\"wpforms-field-sublabel after\">Pr\u00e9nom<\/label><\/div><div class=\"wpforms-field-row-block wpforms-one-half\"><input type=\"text\" id=\"wpforms-2421-field_3-last\" class=\"wpforms-field-name-last wpforms-field-required\" name=\"wpforms[fields][3][last]\" required><label for=\"wpforms-2421-field_3-last\" class=\"wpforms-field-sublabel after\">Nom<\/label><\/div><\/div><\/div><div id=\"wpforms-2421-field_4-container\" class=\"wpforms-field wpforms-field-email\" data-field-id=\"4\"><label class=\"wpforms-field-label\" for=\"wpforms-2421-field_4\">E-mail <span class=\"wpforms-required-label\">*<\/span><\/label><input type=\"email\" id=\"wpforms-2421-field_4\" class=\"wpforms-field-medium wpforms-field-required\" name=\"wpforms[fields][4]\" spellcheck=\"false\" required><\/div><div id=\"wpforms-2421-field_1-container\" class=\"wpforms-field wpforms-field-textarea\" data-field-id=\"1\"><label class=\"wpforms-field-label\" for=\"wpforms-2421-field_1\">Texte en paragraphe<\/label><textarea id=\"wpforms-2421-field_1\" class=\"wpforms-field-medium\" name=\"wpforms[fields][1]\" ><\/textarea><\/div><\/div><!-- .wpforms-field-container --><div class=\"wpforms-recaptcha-container wpforms-is-hcaptcha\" ><div class=\"h-captcha\" data-sitekey=\"2e2fb6c6-a404-46c6-bc5e-5fdabf895062\"><\/div><input type=\"text\" name=\"g-recaptcha-hidden\" class=\"wpforms-recaptcha-hidden\" style=\"position:absolute!important;clip:rect(0,0,0,0)!important;height:1px!important;width:1px!important;border:0!important;overflow:hidden!important;padding:0!important;margin:0!important;\" data-rule-hcaptcha=\"1\"><\/div><div class=\"wpforms-submit-container\" ><input type=\"hidden\" name=\"wpforms[id]\" value=\"2421\"><input type=\"hidden\" name=\"page_title\" value=\"\"><input type=\"hidden\" name=\"page_url\" value=\"https:\/\/harmony-couleurs.com\/index.php\/wp-json\/wp\/v2\/pages\/2807\"><input type=\"hidden\" name=\"url_referer\" value=\"\"><button type=\"submit\" name=\"wpforms[submit]\" id=\"wpforms-submit-2421\" class=\"wpforms-submit\" data-alt-text=\"Envoi...\" data-submit-text=\"Envoyer\" aria-live=\"assertive\" value=\"wpforms-submit\">Envoyer<\/button><img loading=\"lazy\" decoding=\"async\" src=\"https:\/\/harmony-couleurs.com\/wp-content\/plugins\/wpforms-lite\/assets\/images\/submit-spin.svg\" class=\"wpforms-submit-spinner\" style=\"display: none;\" width=\"26\" height=\"26\" alt=\"Chargement en cours\"><\/div><\/form><\/div>  <!-- .wpforms-container -->\n\n\n<h2 class=\"wp-block-heading\">Atelier peinture<\/h2>\n\n\n\n<p>Les outils que je propose : peinture (acrylique), pastels, crayons de couleurs, feutres. Cet atelier sera bient\u00f4t propos\u00e9 dans l&rsquo;ann\u00e9e.<\/p>\n\n\n\n<h6 class=\"wp-block-heading\">Modalit\u00e9s :<\/h6>\n\n\n\n<div id=\"wp-block-themeisle-blocks-icon-list-8e7ca797\" class=\"wp-block-themeisle-blocks-icon-list\">\n<div id=\"wp-block-themeisle-blocks-icon-list-item-4b39b272\" class=\"wp-block-themeisle-blocks-icon-list-item\"><i class=\"fas fa-check wp-block-themeisle-blocks-icon-list-item-icon\"><\/i><p class=\"wp-block-themeisle-blocks-icon-list-item-content\">Public : adulte<br>Le mat\u00e9riel : fourni pour la plupart des ateliers, possibilit\u00e9 d&rsquo;apporter vos propres supports pour des cr\u00e9ations personnalis\u00e9es.\u200b<\/p><\/div>\n\n\n\n<div id=\"wp-block-themeisle-blocks-icon-list-item-c9027723\" class=\"wp-block-themeisle-blocks-icon-list-item\"><i class=\"fas fa-check wp-block-themeisle-blocks-icon-list-item-icon\"><\/i><p class=\"wp-block-themeisle-blocks-icon-list-item-content\">Dur\u00e9e : 2h<\/p><\/div>\n\n\n\n<div id=\"wp-block-themeisle-blocks-icon-list-item-3295a817\" class=\"wp-block-themeisle-blocks-icon-list-item\"><i class=\"fas fa-check wp-block-themeisle-blocks-icon-list-item-icon\"><\/i><p class=\"wp-block-themeisle-blocks-icon-list-item-content\">Lieu : Ploz\u00e9vet<\/p><\/div>\n<\/div>\n\n\n\n<h3 class=\"wp-block-heading\"><strong>Contactez-moi pour r\u00e9server votre atelier ou pour toute demande d&rsquo;information compl\u00e9mentaire.<\/strong><\/h3>\n\n\n\n<p><a href=\"mailto:harmony@harmony-couleurs.com\" target=\"_blank\" rel=\"noreferrer noopener\">harmony@harmony-couleurs.com<\/a> &#8211; par t\u00e9l\u00e9phone 06 31 31 63 97.<\/p>\n\n\n\n<ul class=\"wp-block-list\">\n<li>Mercredi 6 mai \u00e0 10h<\/li>\n\n\n\n<li>Mercredi 13 mai \u00e0 10h<\/li>\n\n\n\n<li>Mercredi 20 mai \u00e0 10h<\/li>\n\n\n\n<li>Mercredi 27 mai \u00e0 10h<\/li>\n<\/ul>\n\n\n\n<h3 class=\"wp-block-heading\"><strong>Offrez un moment cr\u00e9atif :<\/strong><\/h3>\n\n\n\n<p>Les ateliers cr\u00e9atifs sont \u00e9galement disponibles sous forme de <strong>bons cadeaux<\/strong>, une id\u00e9e originale pour un anniversaire, une f\u00eate ou simplement pour faire plaisir.\u200b<\/p>\n\n\n\n<hr class=\"wp-block-separator has-alpha-channel-opacity\"\/>\n\n\n\n<p>Me suivre sur les r\u00e9seaux sociaux :<\/p>\n\n\n\n<p><a href=\"https:\/\/instagram.com\/creationsharmony.sv?igshid=OGQ5ZDc2ODk2ZA==\" target=\"_blank\" rel=\"noreferrer noopener\">@creationsharmony.sv<\/a><\/p>\n\n\n\n<p><\/p>\n","protected":false},"excerpt":{"rendered":"<p>Ateliers cr\u00e9atifs : explorez, cr\u00e9ez, exprimez-vousGraphiste, illustratrice et peintre, je navigue entre plusieurs formes d\u2019expression visuelle. Je d\u00e9veloppe depuis plus<\/p>\n<p><a href=\"https:\/\/harmony-couleurs.com\/index.php\/ateliers-creatifs\/\" class=\"more-link\">Continue reading<span class=\"screen-reader-text\">Les Ateliers cr\u00e9atifs<\/span><\/a><\/p>\n","protected":false},"author":1,"featured_media":0,"parent":0,"menu_order":0,"comment_status":"closed","ping_status":"closed","template":"","meta":{"_themeisle_gutenberg_block_has_review":false,"_vp_format_video_url":"","_vp_image_focal_point":[],"footnotes":""},"class_list":["post-2807","page","type-page","status-publish","hentry"],"jetpack_sharing_enabled":true,"_links":{"self":[{"href":"https:\/\/harmony-couleurs.com\/index.php\/wp-json\/wp\/v2\/pages\/2807","targetHints":{"allow":["GET"]}}],"collection":[{"href":"https:\/\/harmony-couleurs.com\/index.php\/wp-json\/wp\/v2\/pages"}],"about":[{"href":"https:\/\/harmony-couleurs.com\/index.php\/wp-json\/wp\/v2\/types\/page"}],"author":[{"embeddable":true,"href":"https:\/\/harmony-couleurs.com\/index.php\/wp-json\/wp\/v2\/users\/1"}],"replies":[{"embeddable":true,"href":"https:\/\/harmony-couleurs.com\/index.php\/wp-json\/wp\/v2\/comments?post=2807"}],"version-history":[{"count":34,"href":"https:\/\/harmony-couleurs.com\/index.php\/wp-json\/wp\/v2\/pages\/2807\/revisions"}],"predecessor-version":[{"id":3312,"href":"https:\/\/harmony-couleurs.com\/index.php\/wp-json\/wp\/v2\/pages\/2807\/revisions\/3312"}],"wp:attachment":[{"href":"https:\/\/harmony-couleurs.com\/index.php\/wp-json\/wp\/v2\/media?parent=2807"}],"curies":[{"name":"wp","href":"https:\/\/api.w.org\/{rel}","templated":true}]}}